{"id":385,"date":"2023-07-31T19:15:29","date_gmt":"2023-07-31T17:15:29","guid":{"rendered":"https:\/\/events.dimes.unical.it\/ewsn2023\/?page_id=385"},"modified":"2023-09-21T15:55:12","modified_gmt":"2023-09-21T13:55:12","slug":"program","status":"publish","type":"page","link":"https:\/\/events.dimes.unical.it\/ewsn2023\/program\/","title":{"rendered":"Program"},"content":{"rendered":"<h3><strong>Program at-a-glance <\/strong><\/h3>\n<p>[<span style=\"color: #ff0000;\"><a style=\"color: #ff0000;\" href=\"https:\/\/events.dimes.unical.it\/ewsn2023\/wp-content\/uploads\/sites\/21\/2023\/09\/Program-at-glance.pdf\">PDF<\/a><span style=\"color: #000000;\"> version<\/span><\/span>]<\/p>\n<p>&nbsp;<\/p>\n<p><img fetchpriority=\"high\" decoding=\"async\" class=\"alignnone size-full wp-image-435\" src=\"https:\/\/events.dimes.unical.it\/ewsn2023\/wp-content\/uploads\/sites\/21\/2023\/09\/Program-at-a-glance.png\" alt=\"\" width=\"1640\" height=\"1097\" srcset=\"https:\/\/events.dimes.unical.it\/ewsn2023\/wp-content\/uploads\/sites\/21\/2023\/09\/Program-at-a-glance.png 1640w, https:\/\/events.dimes.unical.it\/ewsn2023\/wp-content\/uploads\/sites\/21\/2023\/09\/Program-at-a-glance-300x201.png 300w, https:\/\/events.dimes.unical.it\/ewsn2023\/wp-content\/uploads\/sites\/21\/2023\/09\/Program-at-a-glance-1024x685.png 1024w, https:\/\/events.dimes.unical.it\/ewsn2023\/wp-content\/uploads\/sites\/21\/2023\/09\/Program-at-a-glance-768x514.png 768w, https:\/\/events.dimes.unical.it\/ewsn2023\/wp-content\/uploads\/sites\/21\/2023\/09\/Program-at-a-glance-1536x1027.png 1536w\" sizes=\"(max-width: 1640px) 100vw, 1640px\" \/><\/p>\n<h3><strong>Detailed Program<\/strong><\/h3>\n<p>[<span style=\"color: #ff0000;\"><a style=\"color: #ff0000;\" href=\"https:\/\/events.dimes.unical.it\/ewsn2023\/wp-content\/uploads\/sites\/21\/2023\/09\/EWSN2023_Program_v1.7.pdf\">PDF<\/a><span style=\"color: #000000;\"> version<\/span><\/span>]<\/p>\n<h1>September 25 (Monday), Aula Magna<\/h1>\n<p>&nbsp;<\/p>\n<table width=\"664\">\n<tbody>\n<tr>\n<td rowspan=\"2\" width=\"664\">13:30 &#8211; 14:00 Registration<\/p>\n<p>14:00\u201315:40\u00a0 <strong>The 1st International Workshop on Machine Learning for Autonomic System Operation in the Device-Edge-Cloud Continuum\u00a0 (MLSysOps 2023) &#8211;\u00a0 Paper Presentations (Chairs: Raffaele Gravina and Spyros Lalis)<\/strong><\/p>\n<p>&nbsp;<\/td>\n<td width=\"0\"><\/td>\n<\/tr>\n<tr>\n<td width=\"0\"><\/td>\n<\/tr>\n<\/tbody>\n<\/table>\n<p>14:00 &#8211; 14:05 Welcome and Opening<\/p>\n<p><strong>512<\/strong>\u00a0\u00a0\u00a0\u00a0\u00a0 Marco Loaiza, Dimitris Chatzopoulos, Claudio Savaglio, Raffaele Gravina, Spyros Lalis, Agents in the computing continuum: the MLSysOps perspective<\/p>\n<p><strong>1567<\/strong>\u00a0\u00a0\u00a0\u00a0 Alexandros Patras, Foivos Pournaropoulos, Nikolaos Bellas, Christos D. Antonopoulos, Spyros Lalis, Maria Goutha and Anastassios Nanos, A Minimal Testbed for Experimenting with Flexible Resource and Application Management in Heterogeneous Edge-Cloud Systems<\/p>\n<p><strong>1780<\/strong>\u00a0\u00a0\u00a0\u00a0 Rachel Fanti Coelho Lima, Michele Segata, Muhammad Azfar Yaqub and Antonio Liotta, Experimental Evaluation of Lane Detection Models in Miniature Autonomous Vehicles<\/p>\n<p><strong>7173<\/strong>\u00a0\u00a0\u00a0\u00a0 Mir Hassan, Leonardo Lucio Custode, Kasim Sinan Yildrim and Giovanni Iacca, FedEdge: Federated Learning with Docker and Kubernetes for Scalable and Efficient Edge Computing<\/p>\n<p><strong>\u00a0<\/strong><strong>9111<\/strong>\u00a0\u00a0\u00a0\u00a0 Theodoros Aslanidis, Andreas Chouliaras and Dimitris Chatzopoulos\u00a0\u00a0 Reinforcement, Learning Techniques for Optimizing System Configuration on the Cloud: A Taxonomy and Open Problems<\/p>\n<table width=\"664\">\n<tbody>\n<tr>\n<td rowspan=\"2\" width=\"664\"><em>15:45 \u2013 16:00\u00a0 COFFEE BREAK<\/em><\/td>\n<td width=\"0\"><\/td>\n<\/tr>\n<tr>\n<td width=\"0\"><\/td>\n<\/tr>\n<\/tbody>\n<\/table>\n<p>&nbsp;<\/p>\n<table width=\"670\">\n<tbody>\n<tr>\n<td width=\"670\">16:00 &#8211; 16:30 Invited Talk \u201cCloud Continuum for enabling large scale AI services\u201d, Prof. Eui-Nam Huh, Kyung Hee University (South Korea) and Discussion<\/td>\n<\/tr>\n<tr>\n<td width=\"670\">&nbsp;<\/p>\n<table width=\"664\">\n<tbody>\n<tr>\n<td width=\"664\">16:30 \u2013 18:00 <strong>The 2nd International Workshop on Hybrid Internet of Everything Models for Industry 5.0 (HIEMI 2023) &#8211;\u00a0 Paper Presentations (Chairs: Francesco Cauteruccio and Enrico Corradini)<\/strong><\/td>\n<\/tr>\n<tr>\n<td width=\"664\">&nbsp;<\/p>\n<p>16:30 &#8211; 16:35 Welcome and Opening<\/p>\n<p>&nbsp;<\/p>\n<p><strong>2397<\/strong>\u00a0\u00a0\u00a0 Fulciniti Gessica, Abdellah Kabli, Mario Cannataro, Gaetano Guardasole and Giuseppe Agapito\u00a0\u00a0\u00a0\u00a0\u00a0\u00a0\u00a0\u00a0\u00a0\u00a0\u00a0 Artificial Intelligence to Analyze Huge Amounts of Juridical Documents via Edge Computing<\/p>\n<p>&nbsp;<\/p>\n<p><strong>7051<\/strong>\u00a0\u00a0\u00a0 Francesco Cauteruccio and Enrico Corradini\u00a0\u00a0\u00a0\u00a0 An Overview of Emerging Anomaly Detection Methods and a Research Agenda for Internet of Everything and Industry 5.0 Contexts<\/p>\n<p>&nbsp;<\/p>\n<p><strong>8615<\/strong>\u00a0\u00a0\u00a0 Massimiliano Pirani, Alessio Cacopardo, Alessandro Cucchiarelli and Luca Spalazzi\u00a0\u00a0\u00a0\u00a0\u00a0\u00a0 A Soulbound Token-based Reputation System in Sustainable Supply Chains<\/p>\n<p>&nbsp;<\/p>\n<p><strong>2192<\/strong>\u00a0\u00a0\u00a0 Anestis Papakotoulas, Theodore Milonas, Kakia Panagidi and Stathes Hadjiefthymiades Enhanced Sensor Communication through Trusted Computing<\/p>\n<p>&nbsp;<\/p>\n<p>17:55 &#8211; 18:00 Discussion and Closing<\/p>\n<p>18:00 &#8211; 19:00 Botanical Garden<\/p>\n<p>19:00 &#8211; 20:00 Welcome Cocktail<\/td>\n<\/tr>\n<\/tbody>\n<\/table>\n<\/td>\n<\/tr>\n<\/tbody>\n<\/table>\n<p><strong>\u00a0<\/strong><\/p>\n<p><strong>September 25 (Monday), Sala Stampa<\/strong><\/p>\n<p><strong>\u00a0<\/strong>13:30 &#8211; 14:00 Registration<\/p>\n<p>14:00 &#8211; 15:30<strong> The 2nd Workshop on Security and Privacy in Connected Embedded Systems (SPICES 2023) &#8211;\u00a0 Paper Presentations Part 1: Low-layer Security (Chair: Pericle Perazzo)<\/strong><\/p>\n<p>14:00 &#8211; 14:10 Welcome and Opening<\/p>\n<p><strong>8475 <\/strong>\u00a0\u00a0 Juris Ormanis, Vladislavs Medvedevs and Janis Judvaitis BEAM: Body Coupled Communication Enabled Amplitude Modulation for Skinput application<\/p>\n<p><strong>6618 <\/strong>\u00a0\u00a0 Artis Ru\u0161i\u0146\u0161, Kri\u0161j\u0101nis Nesenbergs, Deniss Ti\u0161\u010denko and Peteris Paikens An experimental study: RF Fingerprinting of Bluetooth devices<\/p>\n<p><strong>9948 <\/strong>\u00a0\u00a0 Pericle Perazzo, Carlo Vallati and Davide Lenzarini\u00a0\u00a0\u00a0\u00a0\u00a0\u00a0 APBE: Anti-Piracy Security for SPARTN Augmented GNSS Services<\/p>\n<p><strong>8390 <\/strong>\u00a0\u00a0 Ufuk Erol, Francesco Raimondo, James Pope, Samuel Gunner, Vijay Kumar, Ioannis Mavromatis, Pietro Carnelli, Theodoros Spyridopoulos, Aftab Khan and George Oikonomou Evaluating Concept Drift Detectors on Real-World Data<\/p>\n<p><em>15:30 \u2013 16:00\u00a0 COFFEE BREAK<\/em><\/p>\n<table width=\"664\">\n<tbody>\n<tr>\n<td rowspan=\"2\" width=\"664\"><em>\u00a0<\/em>16:00 &#8211; 17:30<strong> The 2nd Workshop on Security and Privacy in Connected Embedded Systems (SPICES 2023) &#8211;\u00a0 Paper Presentations Part 2: High-layer Security (Chair: Michael Baddeley)<\/strong><\/p>\n<p><strong>5813 <\/strong>\u00a0\u00a0 Selina Shrestha, Willian T. Lunardi and Martin Andreoni\u00a0\u00a0\u00a0\u00a0\u00a0\u00a0\u00a0\u00a0\u00a0\u00a0 \u00a0\u00a0\u00a0\u00a0 An Empirical Analysis of MeshShield: a Network Security System for Fully Distributed Networks<\/p>\n<p><strong>7876 <\/strong>\u00a0\u00a0 Elia Cereda, Alessandro Giusti and Daniele Palossi\u00a0\u00a0\u00a0\u00a0\u00a0 Secure Deep Learning-based Distributed Intelligence on Pocket-sized Drones<\/p>\n<p><strong>8265 <\/strong>\u00a0\u00a0 Yang Li, Anna Maria Mandalari and Isabel Straw\u00a0\u00a0\u00a0\u00a0\u00a0\u00a0\u00a0\u00a0\u00a0\u00a0 Who Let the Smart Toaster Hack the House? An Investigation into the Security Vulnerabilities of Consumer IoT Devices<\/p>\n<p><strong>4895<\/strong>\u00a0\u00a0\u00a0 Leif Br\u00f6tzmann, Patrick Rathje and Olaf Landsiedel\u00a0\u00a0\u00a0\u00a0\u00a0\u00a0\u00a0\u00a0\u00a0\u00a0\u00a0 Securing Embedded Devices through Obfuscation with Predictable Size and Execution Overhead<\/p>\n<p>17:20 &#8211; 17: 30 Discussion and Closing<\/p>\n<p>18:00 &#8211; 19:00 Botanical Garden<\/p>\n<p>19:00 &#8211; 20:00 Welcome Cocktail<\/td>\n<td width=\"0\"><\/td>\n<\/tr>\n<tr>\n<td width=\"0\"><\/td>\n<\/tr>\n<\/tbody>\n<\/table>\n<p><strong>September 26 (Tuesday), Aula Magna<\/strong><\/p>\n<p>8:00 Registration<\/p>\n<p>8:30 Opening Session and Institutional Greetings<\/p>\n<p>9:00 1st Keynote: Prof. Edward Lee, University of Berkeley (U.S.A.), \u201cTrading off Consistency and Availability in Distributed Cyber-Physical System\u201d<\/p>\n<p><em>10:00 \u2013 10:30 COFFEE BREAK*<\/em><\/p>\n<p>10:30 \u2013 13:00 <strong>Session I \u2013 Bluetooth and Low-power Energy Devices<\/strong> <strong>(Chair: Carlo Alberto Boano)<\/strong><\/p>\n<p><strong>448<\/strong>\u00a0\u00a0\u00a0\u00a0\u00a0 Luisa Schuhmacher, Sofie Pollin and Hazem Sallouha, \u201cecoBLE: A Low-Computation Energy Consumption Prediction Framework for Bluetooth Low Energy\u201d (Regular)<\/p>\n<p><strong>547<\/strong>\u00a0\u00a0\u00a0\u00a0\u00a0 Jagdeep Singh, Michael Baddeley, Carlo Alberto Boano, Aleksandar Stanoev, Zijian Chai, Tim Farnham, Qing Wang and Usman Raza, \u201cBLoB: Beating-based Localization for Single-antenna BLE Devices\u201d\u00a0\u00a0\u00a0\u00a0\u00a0 (Regular)<\/p>\n<p><strong>618<\/strong>\u00a0\u00a0\u00a0\u00a0\u00a0 Hauke Petersen, J\u00e1nos Brodbeck, Thomas C. Schmidt and Matthias W\u00e4hlisch, \u201cIPv6 over Bluetooth Advertisements: An alternative approach to IP over BLE\u201d (Regular)<\/p>\n<p><strong>2806<\/strong>\u00a0\u00a0\u00a0 Bozheng Pang, Tim Claeys, Hans Hallez and Jeroen Boydens, \u201cModeling the Trade-off between Throughput and Reliability in a Bluetooth Low Energy Connection\u201d (Short)<\/p>\n<p><strong>4441<\/strong>\u00a0\u00a0\u00a0 Weining Song, Stefanos Kaxiras, Luca Mottola, Thiemo Voigt and Yuan Yao, \u201cSilent Stores in the Battery-less Internet of Things: A Good Idea?\u201d (Short)<\/p>\n<p><strong>8068<\/strong>\u00a0\u00a0\u00a0 Jimmy Fernandez Landivar, Pieter Crombez, Sofie Pollin and Hazem Sallouha, \u201cQualityBLE: A QoS Aware Implementation for BLE Mesh Networks\u201d (Regular)<\/p>\n<p><strong>2524<\/strong>\u00a0\u00a0\u00a0 Shadi Attarha and Anna F\u00f6rster\u00a0\u00a0\u00a0\u00a0\u00a0\u00a0\u00a0 Empowering IoT Applications with Flexible, \u201cEnergy-Efficient Remote Management of Low-Power Edge Devices\u201d (WiP)<\/p>\n<p><strong>6798<\/strong>\u00a0\u00a0\u00a0 Navya Sneha Chatharajupalli, Randolf Rotta, Reinhardt Karnapke and J\u00f6rg Nolte, \u201cAssessing the Feasibility of Combined BLE and Wi-Fi Communication for High Data Sensing Applications\u201d (WiP)<\/p>\n<p><em>13:00 &#8211; 14:00 LUNCH<\/em><\/p>\n<p>14:00 \u2013 15:30\u00a0\u00a0\u00a0 <strong>Session II &#8211; Machine Learning for Wireless Systems (Chair: Yaqub Muhammad Azfar)<\/strong><\/p>\n<p><strong>5455<\/strong>\u00a0\u00a0\u00a0 Lingyu Du and Guohao Lan, \u201cFreeGaze: Resource-efficient Gaze Estimation via Frequency-domain Contrastive Learning\u201d (Regular)<\/p>\n<p><strong>9385<\/strong>\u00a0\u00a0\u00a0 Argha Sen, Ayan Zunaid, Soumyajit Chatterjee, Basabdatta Palit and Sandip Chakraborty, \u201cRevisiting Cellular Throughput Prediction over the Edge: Collaborative Multi-device, Multi-network in-situ Learning\u201d (Regular)<\/p>\n<p><strong>\u00a0<\/strong><strong>8959<\/strong>\u00a0\u00a0\u00a0 Mohammad Shirdel, Mario Di Mauro and Antonio Liotta Relative Information Superiority, \u201c(RIS): a Novel Evaluation Measure for Binary Rule-Based Classification Models\u201d (Short)<\/p>\n<p><strong>\u00a0<\/strong><strong>356<\/strong>\u00a0\u00a0\u00a0\u00a0\u00a0 Mohammad Arif Ul Alam, \u201cInternet of Things Fault Detection and Classification via Multitask Learning\u201d\u00a0\u00a0\u00a0\u00a0\u00a0\u00a0\u00a0\u00a0\u00a0\u00a0\u00a0 (WiP)<\/p>\n<p><strong>\u00a0<\/strong><strong>6247\u00a0\u00a0\u00a0 <\/strong>Theodoros Aslanidis, Manos Koutsoubelias and Spyros Lalis, \u201cTransparent Handover of Automated Drone Missions between Edge-based Control Stations\u201d\u00a0\u00a0\u00a0 (Short)<\/p>\n<p><strong>\u00a0<\/strong><em>15:30-16:00 COFFEE BREAK*<\/em><\/p>\n<p><em>\u00a0<\/em><strong>16.00-18.00 Session III &#8211; Resource Constrained Sensor Systems (Chair: Michael Baddeley)<\/strong><\/p>\n<p><strong>1518<\/strong>\u00a0\u00a0\u00a0 Pau Ferrer-Cid, Jose M. Barcelo-Ordinas and Jorge Garcia-Vidal, \u201cQuality-Aware Graph Learning Regularization For Heterogeneous Air Quality Sensor Networks\u201d\u00a0\u00a0 (Short)<\/p>\n<p><strong>6878<\/strong>\u00a0\u00a0\u00a0 Markus Schu\u00df, Carlo Alberto Boano, Michael Baddeley, Monika Prakash and Kay R\u00f6mer, \u201cX-Lab: A Federated Testbed Infrastructure to Benchmark Geographically-Distributed Low-Power Wireless Systems\u201d\u00a0\u00a0\u00a0\u00a0\u00a0\u00a0\u00a0\u00a0\u00a0\u00a0\u00a0 (Regular)<\/p>\n<p><strong>7021<\/strong>\u00a0\u00a0\u00a0 Saba Akbari, Jan Bergman, Thiemo Voigt, Jesper Fredriksson and Klas Hjort, \u201cFeasibility of Communication Between Sensor Nodes on-board Spacecraft Using Multi Layer Insulation\u201d\u00a0\u00a0\u00a0\u00a0\u00a0\u00a0\u00a0 (Regular)<\/p>\n<p><strong>7774<\/strong>\u00a0\u00a0\u00a0 Xiaojian Zhu and Mengchu Zhou, \u201cTarget Coverage-optimized Design and Operation of Wireless Visual Sensor Networks\u201d\u00a0\u00a0\u00a0\u00a0\u00a0\u00a0 (Short)<\/p>\n<p><strong>7912<\/strong>\u00a0\u00a0\u00a0 Jawaher Alharbi and Arshad Jhumka, \u201cTo Checkpoint or Not to Checkpoint:That is the Question\u201c (Short)<\/p>\n<p><strong>8233<\/strong>\u00a0\u00a0\u00a0 Markus Gallacher, Michael Stocker, Michael Baddeley, Kay R\u00f6mer and Carlo Alberto Boano, \u201cInSight: Enabling NLOS Classification, Error Correction, and Anchor Selection on Resource-Constrained UWB Devices\u201d\u00a0 (Regular)<\/p>\n<p><em>18.00 SOCIAL EVENT<\/em><\/p>\n<p><em>\u00a0<\/em><em>*\u00a0 Poster and Demo Sessions will be run during the Coffee Breaks.<\/em><\/p>\n<p><em>\u00a0<\/em><em>The time reserved for the presentation of each regular paper is 20 minutes (including Q&amp;A) while for short papers and work-in-progress (WiP) papers it is 15 minutes (including Q&amp;A).<\/em><\/p>\n<p>&nbsp;<\/p>\n<p><strong>September 27 (Wednesday), Aula Magna<\/strong><\/p>\n<p>8:00 Registration<\/p>\n<p>8:30 2nd Keynote: Prof. Ernesto Damiani, Universit\u00e0 degli Studi di Milano (Italy), \u201cDynamic Data Pipelines along the Cloud Continuum\u201d<\/p>\n<p><em>9:30\u00a0 &#8211; 10.00 COFFEE BREAK*<\/em><\/p>\n<p>10:00 &#8211; 12:00 <strong>Session IV &#8211; Antennas and Devices (Chair: Valeria Loscr\u00ec)<\/strong><\/p>\n<p><strong>3518<\/strong>\u00a0\u00a0\u00a0 Jos\u00e9 \u00c1lamos, Thomas Schmidt and Matthias Waehlisch, \u201c6LoRa: Full Stack IPv6 Networking with DSME-LoRa on Low Power IoT Nodes\u201d\u00a0\u00a0\u00a0\u00a0\u00a0\u00a0 (Short)<\/p>\n<p><strong>4131<\/strong>\u00a0\u00a0\u00a0 Carola Rizza and Valeria Loscri , \u201cAIRISC &#8211; A mmWave Angle-Insensitive Reconfigurable Intelligent Surface Communication System\u201d (Regular)<\/p>\n<p><strong>8205<\/strong>\u00a0\u00a0\u00a0 Milan Deumer, Moid Sandhu, Sara Khalifa, Brano Kusy, Marco Zimmerling, Kai Geissdoerfer and Raja Jurdak, \u201cA battery-free wearable system for on-device human activity recognition using kinetic energy harvesting\u201d (Short)<\/p>\n<p><strong>\u00a0<\/strong><strong>8239<\/strong>\u00a0\u00a0\u00a0 Juan Fraire, Alexandre Guitton and Oana Iova, \u201cRecovering Headerless Frames in LR-FHSS\u201d (Regular)<\/p>\n<p><strong>\u00a0<\/strong><strong>9466<\/strong>\u00a0\u00a0\u00a0 Patrick Rathje and Olaf Landsiedel, \u201cALADIn: Autonomous Linear Antenna Delay Inference on Resource-Constrained Ultra-Wideband Devices\u201d\u00a0\u00a0\u00a0\u00a0\u00a0\u00a0\u00a0\u00a0 (Regular)<\/p>\n<p><strong>5943<\/strong>\u00a0\u00a0\u00a0 Kaiwen Cai, Qiyue Xia, Peize Li, John Stankovic and Chris Xiaoxuan Lu, \u201cRobust Human Detection under Visual Degradation via Thermal and mmWave Radar Fusion\u201d\u00a0\u00a0\u00a0\u00a0\u00a0\u00a0\u00a0\u00a0\u00a0\u00a0\u00a0 (Regular)<\/p>\n<p>12:00 &#8211; 13:00 <strong>Session V &#8211; Cloud, Edge and Resource Allocation &#8211; Part\u00a0 1 (Chair: Claudio Savaglio)<\/strong><\/p>\n<p><strong>4244<\/strong>\u00a0\u00a0\u00a0 Sotirios-Foivos Pournaropoulos, Christos Antonopoulos and Spyros Lalis, \u201cSupporting the Adaptive Deployment of Modular Applications in Cloud-Edge-Mobile Systems\u201d\u00a0\u00a0\u00a0\u00a0\u00a0\u00a0\u00a0 (Regular)<\/p>\n<p><strong>6474<\/strong>\u00a0\u00a0\u00a0 Matias Olmedo, Juan Andres Fraire, Renato Cherini, Fabio Patrone and Mario Marchese, \u201cRouting in Scalable Delay-Tolerant Space Networks with Graph Neural Networks\u201d (Short)<\/p>\n<p><strong>5473<\/strong>\u00a0\u00a0\u00a0 Andreas Biri, Marco Zimmerling and Lothar Thiele, \u201cDemos: Robust Orchestration for Autonomous Networking\u201d\u00a0\u00a0\u00a0\u00a0\u00a0\u00a0\u00a0\u00a0\u00a0\u00a0\u00a0 (Regular)<\/p>\n<p><em>13.00 &#8211; 14.00 LUNCH<\/em><\/p>\n<p>14:00 -15:30 <strong>\u00a0Session V &#8211; Cloud, Edge and Resource Allocation &#8211; Part\u00a0 2 (Chair: Francesco Pupo)<\/strong><\/p>\n<p><strong>763<\/strong>\u00a0\u00a0\u00a0\u00a0\u00a0 Sukanya Jewsakul and Edith C.H. Ngai, \u201cEmbientLoRa: Embedded Intelligence for Predictive Energy Harvesting and Management in LoRa Networks\u201d\u00a0\u00a0\u00a0 (Short)<\/p>\n<p><strong>4588<\/strong>\u00a0\u00a0\u00a0 Juan Paredes, Pau Ferrer-Cid, Jose Barcelo-Ordinas and Jorge Garcia-Vidal, \u201cBlack carbon proxy sensor model for air quality IoT monitoring networks\u201d\u00a0 (Regular)<\/p>\n<p><strong>6402<\/strong>\u00a0\u00a0\u00a0 Md Babul Islam, Antonio Guerrieri, Raffaele Gravina, Luigi Rizzo, Giuseppe Scopelliti, Vincenzo D&#8217;Agostino and Giancarlo Fortino, \u201cA Review on Machine Learning for Thermal Comfort and Energy Efficiency in Smart Buildings\u201d (WiP)<\/p>\n<p><strong>5009<\/strong>\u00a0\u00a0\u00a0 Haifeng Jia, Yichen Wei, Zhan Wang, Jiani Jin, Haorui Li and Yibo Pi, \u201cEfficient Interference Graph Estimation via Concurrent Flooding\u201d (Short)<\/p>\n<p><em>15.30-16.00 COFFEE BREAK*<\/em><\/p>\n<p>16:00-18:00 <strong>Session VI &#8211; Security and Trust (Chair: Antonella Guzzo)<\/strong><\/p>\n<p><strong>3221<\/strong>\u00a0\u00a0\u00a0 Theo Gasteiger, Carlo Alberto Boano and Kay R\u00f6mer, \u201cBISON: Attacking Bluetooth\u2019s Broadcast Isochronous Streams\u201d\u00a0\u00a0\u00a0\u00a0\u00a0\u00a0\u00a0\u00a0 (Regular)<\/p>\n<p><strong>7084<\/strong>\u00a0\u00a0\u00a0 Mikhail Fomichev, Timm Lippert and Matthias Hollick, \u201cHardening and Speeding Up Zero-interaction Pairing and Authentication\u201d\u00a0\u00a0\u00a0\u00a0\u00a0\u00a0\u00a0\u00a0\u00a0\u00a0 (Regular)<\/p>\n<p><strong>\u00a0<\/strong><strong>7106<\/strong>\u00a0\u00a0\u00a0 Md Ashikul Haque and Abusayeed Saifullah, \u201cA Game-Theoretic Approach for Mitigating Jamming Attacks in LPWAN\u201d\u00a0\u00a0\u00a0\u00a0\u00a0\u00a0\u00a0\u00a0 (Regular)<\/p>\n<p><strong>\u00a0<\/strong><strong>4065<\/strong>\u00a0\u00a0\u00a0 Gulabi Mandal, Anik Roy, Ayantika Chatterjee and Soumyajit Dey, \u201cAge of Information-Aware CACC for Vehicle Platooning\u201d\u00a0\u00a0\u00a0\u00a0 (WiP)<\/p>\n<p><strong>\u00a0<\/strong><strong>5251<\/strong>\u00a0\u00a0\u00a0 Miguel Carvalhosa, David Rocha, Jo\u00e3o Almeida and Joaquim Ferreira, \u201cConnected Solar Boat for C-ITS Applications\u201d\u00a0\u00a0 (WiP)<\/p>\n<p><strong>\u00a0<\/strong><strong>6281<\/strong>\u00a0\u00a0\u00a0 Runbo Su and Amaury Saint-Jore, \u201cA Role-based Trust Model assessing IoA services: First Results on Real MAS Implementation by using ROS 2\u201d\u00a0\u00a0\u00a0\u00a0\u00a0\u00a0\u00a0\u00a0 (WiP)<\/p>\n<p>&nbsp;<\/p>\n<p><em>*\u00a0 Poster and Demo Sessions will be run during the Coffee Breaks.<\/em><\/p>\n<p><em>The time reserved for the presentation of each regular paper is 20 minutes (including Q&amp;A) while for short papers and work-in-progress (WiP) papers it is 15 minutes (including Q&amp;A).<\/em><\/p>\n<p>&nbsp;<\/p>\n","protected":false},"excerpt":{"rendered":"<p>Program at-a-glance [PDF version] &nbsp; Detailed Program [PDF version] September 25 (Monday), Aula Magna &nbsp; 13:30 &#8211; 14:00 Registration 14:00\u201315:40\u00a0 The 1st International Workshop on Machine Learning for Autonomic System Operation in the Device-Edge-Cloud Continuum\u00a0 (MLSysOps 2023) &#8211;\u00a0 Paper Presentations &hellip; <a href=\"https:\/\/events.dimes.unical.it\/ewsn2023\/program\/\">Continue reading <span class=\"meta-nav\">&rarr;<\/span><\/a><\/p>\n","protected":false},"author":1,"featured_media":0,"parent":0,"menu_order":0,"comment_status":"closed","ping_status":"closed","template":"","meta":{"inline_featured_image":false,"footnotes":""},"class_list":["post-385","page","type-page","status-publish","hentry"],"_links":{"self":[{"href":"https:\/\/events.dimes.unical.it\/ewsn2023\/wp-json\/wp\/v2\/pages\/385","targetHints":{"allow":["GET"]}}],"collection":[{"href":"https:\/\/events.dimes.unical.it\/ewsn2023\/wp-json\/wp\/v2\/pages"}],"about":[{"href":"https:\/\/events.dimes.unical.it\/ewsn2023\/wp-json\/wp\/v2\/types\/page"}],"author":[{"embeddable":true,"href":"https:\/\/events.dimes.unical.it\/ewsn2023\/wp-json\/wp\/v2\/users\/1"}],"replies":[{"embeddable":true,"href":"https:\/\/events.dimes.unical.it\/ewsn2023\/wp-json\/wp\/v2\/comments?post=385"}],"version-history":[{"count":10,"href":"https:\/\/events.dimes.unical.it\/ewsn2023\/wp-json\/wp\/v2\/pages\/385\/revisions"}],"predecessor-version":[{"id":452,"href":"https:\/\/events.dimes.unical.it\/ewsn2023\/wp-json\/wp\/v2\/pages\/385\/revisions\/452"}],"wp:attachment":[{"href":"https:\/\/events.dimes.unical.it\/ewsn2023\/wp-json\/wp\/v2\/media?parent=385"}],"curies":[{"name":"wp","href":"https:\/\/api.w.org\/{rel}","templated":true}]}}