{"id":438,"date":"2025-02-22T13:55:53","date_gmt":"2025-02-22T12:55:53","guid":{"rendered":"https:\/\/events.dimes.unical.it\/dlt2025\/?page_id=438"},"modified":"2025-02-22T14:01:33","modified_gmt":"2025-02-22T13:01:33","slug":"workshop-chairs","status":"publish","type":"page","link":"https:\/\/events.dimes.unical.it\/dlt2025\/workshop-chairs\/","title":{"rendered":"Workshop Chairs"},"content":{"rendered":"<p><small> <\/p>\n<ul>\n<li>Antonella Guzzo &#8211; Universit\u00e0 degli Studi della Calabria<\/li>\n<li>Domenico Sacc\u00e0 &#8211; Universit\u00e0 degli Studi della Calabria<\/li>\n<\/ul>\n<p><\/small><\/p>\n<h3> Program Chairs <\/h3>\n<p><small> <\/p>\n<ul>\n<li>Stefano Bistarelli &#8211; Universit\u00e0 degli Studi Perugia<\/li>\n<li>Carmelo Felicetti &#8211; Universit\u00e0 degli Studi della Calabria<\/li>\n<li>Claudio Schifanella \u2013 Universit\u00e0 degli Studi di Torino<\/li>\n<\/ul>\n<p><\/small><\/p>\n","protected":false},"excerpt":{"rendered":"<p>Antonella Guzzo &#8211; Universit\u00e0 degli Studi della Calabria Domenico Sacc\u00e0 &#8211; Universit\u00e0 degli Studi della Calabria Program Chairs Stefano Bistarelli &#8211; Universit\u00e0 degli Studi Perugia Carmelo Felicetti &#8211; Universit\u00e0 degli &#8230;<\/p>\n","protected":false},"author":16,"featured_media":0,"parent":0,"menu_order":0,"comment_status":"closed","ping_status":"closed","template":"","meta":{"inline_featured_image":false,"footnotes":""},"class_list":["post-438","page","type-page","status-publish","hentry"],"_links":{"self":[{"href":"https:\/\/events.dimes.unical.it\/dlt2025\/wp-json\/wp\/v2\/pages\/438","targetHints":{"allow":["GET"]}}],"collection":[{"href":"https:\/\/events.dimes.unical.it\/dlt2025\/wp-json\/wp\/v2\/pages"}],"about":[{"href":"https:\/\/events.dimes.unical.it\/dlt2025\/wp-json\/wp\/v2\/types\/page"}],"author":[{"embeddable":true,"href":"https:\/\/events.dimes.unical.it\/dlt2025\/wp-json\/wp\/v2\/users\/16"}],"replies":[{"embeddable":true,"href":"https:\/\/events.dimes.unical.it\/dlt2025\/wp-json\/wp\/v2\/comments?post=438"}],"version-history":[{"count":3,"href":"https:\/\/events.dimes.unical.it\/dlt2025\/wp-json\/wp\/v2\/pages\/438\/revisions"}],"predecessor-version":[{"id":442,"href":"https:\/\/events.dimes.unical.it\/dlt2025\/wp-json\/wp\/v2\/pages\/438\/revisions\/442"}],"wp:attachment":[{"href":"https:\/\/events.dimes.unical.it\/dlt2025\/wp-json\/wp\/v2\/media?parent=438"}],"curies":[{"name":"wp","href":"https:\/\/api.w.org\/{rel}","templated":true}]}}