{"id":112,"date":"2020-12-21T17:11:45","date_gmt":"2020-12-21T16:11:45","guid":{"rendered":"http:\/\/events.dimes.unical.it\/dlt2025\/?page_id=112"},"modified":"2025-02-23T00:28:34","modified_gmt":"2025-02-22T23:28:34","slug":"local-organizing-committee","status":"publish","type":"page","link":"https:\/\/events.dimes.unical.it\/dlt2025\/local-organizing-committee\/","title":{"rendered":"Local Organizing Committee"},"content":{"rendered":"<p><small><\/p>\n<ul>\n<li style=\"text-align: left\">Carmelo Felicetti &#8211; Universit\u00e0 degli Studi della Calabria<\/li>\n<li style=\"text-align: left\">Antonella Guzzo &#8211; Universit\u00e0 degli Studi della Calabria<\/li>\n<li style=\"text-align: left\">Fiza Siyal &#8211; Universit\u00e0 degli Studi della Calabria<\/li>\n<li style=\"text-align: left\">Tahir Usman &#8211; Universit\u00e0 degli Studi della Calabria<\/li>\n<\/ul>\n<p><\/small><\/p>\n","protected":false},"excerpt":{"rendered":"<p>Carmelo Felicetti &#8211; Universit\u00e0 degli Studi della Calabria Antonella Guzzo &#8211; Universit\u00e0 degli Studi della Calabria Fiza Siyal &#8211; Universit\u00e0 degli Studi della Calabria Tahir Usman &#8211; Universit\u00e0 degli Studi &#8230;<\/p>\n","protected":false},"author":16,"featured_media":0,"parent":0,"menu_order":0,"comment_status":"closed","ping_status":"closed","template":"","meta":{"inline_featured_image":false,"footnotes":""},"class_list":["post-112","page","type-page","status-publish","hentry"],"_links":{"self":[{"href":"https:\/\/events.dimes.unical.it\/dlt2025\/wp-json\/wp\/v2\/pages\/112","targetHints":{"allow":["GET"]}}],"collection":[{"href":"https:\/\/events.dimes.unical.it\/dlt2025\/wp-json\/wp\/v2\/pages"}],"about":[{"href":"https:\/\/events.dimes.unical.it\/dlt2025\/wp-json\/wp\/v2\/types\/page"}],"author":[{"embeddable":true,"href":"https:\/\/events.dimes.unical.it\/dlt2025\/wp-json\/wp\/v2\/users\/16"}],"replies":[{"embeddable":true,"href":"https:\/\/events.dimes.unical.it\/dlt2025\/wp-json\/wp\/v2\/comments?post=112"}],"version-history":[{"count":14,"href":"https:\/\/events.dimes.unical.it\/dlt2025\/wp-json\/wp\/v2\/pages\/112\/revisions"}],"predecessor-version":[{"id":473,"href":"https:\/\/events.dimes.unical.it\/dlt2025\/wp-json\/wp\/v2\/pages\/112\/revisions\/473"}],"wp:attachment":[{"href":"https:\/\/events.dimes.unical.it\/dlt2025\/wp-json\/wp\/v2\/media?parent=112"}],"curies":[{"name":"wp","href":"https:\/\/api.w.org\/{rel}","templated":true}]}}